{"id":24,"date":"2024-08-23T10:03:00","date_gmt":"2024-08-23T08:03:00","guid":{"rendered":"https:\/\/coueroncuisine.fr\/?page_id=24"},"modified":"2024-08-24T13:28:59","modified_gmt":"2024-08-24T11:28:59","slug":"accueil","status":"publish","type":"page","link":"https:\/\/coueroncuisine.fr\/","title":{"rendered":"Cou\u00ebron Cuisine : votre artisan de confiance, \u00e0 deux pas de chez vous."},"content":{"rendered":"\n<p>Bas\u00e9 \u00e0 Cou\u00ebron en Loire-Atlantique, je mets mon savoir-faire et ma passion au service de votre projet de cuisine. Du montage \u00e0 l&rsquo;installation, je vous accompagne \u00e0 chaque \u00e9tape pour un r\u00e9sultat impeccable.<\/p>\n\n\n\n<figure class=\"wp-block-image size-full\"><img loading=\"lazy\" decoding=\"async\" width=\"686\" height=\"903\" src=\"https:\/\/coueroncuisine.fr\/wp-content\/uploads\/2024\/08\/e4798a99-bbb5-4c91-a5dc-68c2b9939ced1.png\" alt=\"\" class=\"wp-image-61\" srcset=\"https:\/\/coueroncuisine.fr\/wp-content\/uploads\/2024\/08\/e4798a99-bbb5-4c91-a5dc-68c2b9939ced1.png 686w, https:\/\/coueroncuisine.fr\/wp-content\/uploads\/2024\/08\/e4798a99-bbb5-4c91-a5dc-68c2b9939ced1-228x300.png 228w\" sizes=\"auto, (max-width: 686px) 100vw, 686px\" \/><\/figure>\n","protected":false},"excerpt":{"rendered":"<p>Bas\u00e9 \u00e0 Cou\u00ebron en Loire-Atlantique, je mets mon savoir-faire et ma passion au service de votre projet de cuisine. Du montage \u00e0 l&rsquo;installation, je vous accompagne \u00e0 chaque \u00e9tape pour un r\u00e9sultat impeccable.<\/p>\n","protected":false},"author":1,"featured_media":0,"parent":0,"menu_order":0,"comment_status":"closed","ping_status":"closed","template":"","meta":{"footnotes":""},"class_list":["post-24","page","type-page","status-publish","hentry"],"_links":{"self":[{"href":"https:\/\/coueroncuisine.fr\/index.php\/wp-json\/wp\/v2\/pages\/24","targetHints":{"allow":["GET"]}}],"collection":[{"href":"https:\/\/coueroncuisine.fr\/index.php\/wp-json\/wp\/v2\/pages"}],"about":[{"href":"https:\/\/coueroncuisine.fr\/index.php\/wp-json\/wp\/v2\/types\/page"}],"author":[{"embeddable":true,"href":"https:\/\/coueroncuisine.fr\/index.php\/wp-json\/wp\/v2\/users\/1"}],"replies":[{"embeddable":true,"href":"https:\/\/coueroncuisine.fr\/index.php\/wp-json\/wp\/v2\/comments?post=24"}],"version-history":[{"count":5,"href":"https:\/\/coueroncuisine.fr\/index.php\/wp-json\/wp\/v2\/pages\/24\/revisions"}],"predecessor-version":[{"id":62,"href":"https:\/\/coueroncuisine.fr\/index.php\/wp-json\/wp\/v2\/pages\/24\/revisions\/62"}],"wp:attachment":[{"href":"https:\/\/coueroncuisine.fr\/index.php\/wp-json\/wp\/v2\/media?parent=24"}],"curies":[{"name":"wp","href":"https:\/\/api.w.org\/{rel}","templated":true}]}}