{"id":53,"date":"2024-08-23T17:23:35","date_gmt":"2024-08-23T15:23:35","guid":{"rendered":"https:\/\/coueroncuisine.fr\/?page_id=53"},"modified":"2024-08-23T17:23:35","modified_gmt":"2024-08-23T15:23:35","slug":"politique-de-confidentialite-2","status":"publish","type":"page","link":"https:\/\/coueroncuisine.fr\/index.php\/politique-de-confidentialite-2\/","title":{"rendered":"Politique de confidentialit\u00e9"},"content":{"rendered":"\n<p><strong>Respect de votre vie priv\u00e9e<\/strong><\/p>\n\n\n\n<p>Coueron Cuisine s&rsquo;engage \u00e0 prot\u00e9ger la confidentialit\u00e9 de vos donn\u00e9es personnelles. Cette politique de confidentialit\u00e9 explique comment nous collectons, utilisons et prot\u00e9geons les informations que vous nous fournissez lorsque vous utilisez notre site web ou nos services.<\/p>\n\n\n\n<p><strong>Collecte d&rsquo;informations<\/strong><\/p>\n\n\n\n<p>Nous pouvons collecter des informations personnelles telles que votre nom, adresse e-mail, num\u00e9ro de t\u00e9l\u00e9phone et adresse lorsque vous nous contactez via notre formulaire de contact, par e-mail ou par t\u00e9l\u00e9phone. Nous pouvons \u00e9galement collecter des informations sur votre utilisation de notre site web, telles que les pages que vous visitez et les liens sur lesquels vous cliquez. Nous utilisons des cookies pour collecter ces informations.<\/p>\n\n\n\n<p><strong>Utilisation des informations<\/strong><\/p>\n\n\n\n<p>Nous utilisons les informations que nous collectons pour :<\/p>\n\n\n\n<ul class=\"wp-block-list\">\n<li>R\u00e9pondre \u00e0 vos demandes de renseignements et vous fournir les services que vous avez demand\u00e9s \u00a0<\/li>\n\n\n\n<li>Am\u00e9liorer notre site web et nos services<\/li>\n\n\n\n<li>Vous envoyer des informations sur nos produits et services, si vous avez donn\u00e9 votre consentement<\/li>\n\n\n\n<li>Respecter nos obligations l\u00e9gales<\/li>\n<\/ul>\n\n\n\n<p><strong>Partage des informations<\/strong><\/p>\n\n\n\n<p>Nous ne vendons, ne louons ni ne partageons vos informations personnelles avec des tiers, sauf dans les cas suivants : &nbsp;<\/p>\n\n\n\n<ul class=\"wp-block-list\">\n<li>Avec votre consentement<\/li>\n\n\n\n<li>Lorsque cela est n\u00e9cessaire pour fournir les services que vous avez demand\u00e9s<\/li>\n\n\n\n<li>Lorsque cela est requis par la loi<\/li>\n<\/ul>\n\n\n\n<p><strong>Protection des informations<\/strong><\/p>\n\n\n\n<p>Nous prenons des mesures raisonnables pour prot\u00e9ger vos informations personnelles contre la perte, le vol, l&rsquo;acc\u00e8s non autoris\u00e9, la divulgation, la copie, l&rsquo;utilisation ou la modification. &nbsp;<\/p>\n\n\n\n<p><strong>Vos droits<\/strong><\/p>\n\n\n\n<p>Vous avez le droit d&rsquo;acc\u00e9der, de corriger et de supprimer vos informations personnelles. Vous avez \u00e9galement le droit de vous opposer au traitement de vos donn\u00e9es personnelles ou de demander la limitation du traitement.<\/p>\n\n\n\n<p><strong>Modifications de cette politique de confidentialit\u00e9<\/strong><\/p>\n\n\n\n<p>Nous pouvons mettre \u00e0 jour cette politique de confidentialit\u00e9 de temps \u00e0 autre. Nous vous encourageons \u00e0 consulter r\u00e9guli\u00e8rement cette page pour prendre connaissance des modifications \u00e9ventuelles. &nbsp;<\/p>\n\n\n\n<p><strong>Contactez-nous<\/strong><\/p>\n\n\n\n<p>Si vous avez des questions concernant cette politique de confidentialit\u00e9, veuillez nous contacter \u00e0 l&rsquo;adresse e-mail suivante : contact@coueroncuisine.fr . \u00a0<\/p>\n\n\n\n<p><strong>En utilisant notre site web ou nos services, vous acceptez les termes de cette politique de confidentialit\u00e9.<\/strong><\/p>\n","protected":false},"excerpt":{"rendered":"<p>Respect de votre vie priv\u00e9e Coueron Cuisine s&rsquo;engage \u00e0 prot\u00e9ger la confidentialit\u00e9 de vos donn\u00e9es personnelles. Cette politique de confidentialit\u00e9 explique comment nous collectons, utilisons et prot\u00e9geons les informations que vous nous fournissez lorsque vous utilisez notre site web ou nos services. Collecte d&rsquo;informations Nous pouvons collecter des informations personnelles telles que votre nom, adresse &hellip; <\/p>\n<p class=\"link-more\"><a href=\"https:\/\/coueroncuisine.fr\/index.php\/politique-de-confidentialite-2\/\" class=\"more-link\">Continuer la lecture<span class=\"screen-reader-text\"> de &laquo;&nbsp;Politique de confidentialit\u00e9&nbsp;&raquo;<\/span><\/a><\/p>\n","protected":false},"author":1,"featured_media":0,"parent":0,"menu_order":0,"comment_status":"closed","ping_status":"closed","template":"","meta":{"footnotes":""},"class_list":["post-53","page","type-page","status-publish","hentry"],"_links":{"self":[{"href":"https:\/\/coueroncuisine.fr\/index.php\/wp-json\/wp\/v2\/pages\/53","targetHints":{"allow":["GET"]}}],"collection":[{"href":"https:\/\/coueroncuisine.fr\/index.php\/wp-json\/wp\/v2\/pages"}],"about":[{"href":"https:\/\/coueroncuisine.fr\/index.php\/wp-json\/wp\/v2\/types\/page"}],"author":[{"embeddable":true,"href":"https:\/\/coueroncuisine.fr\/index.php\/wp-json\/wp\/v2\/users\/1"}],"replies":[{"embeddable":true,"href":"https:\/\/coueroncuisine.fr\/index.php\/wp-json\/wp\/v2\/comments?post=53"}],"version-history":[{"count":1,"href":"https:\/\/coueroncuisine.fr\/index.php\/wp-json\/wp\/v2\/pages\/53\/revisions"}],"predecessor-version":[{"id":54,"href":"https:\/\/coueroncuisine.fr\/index.php\/wp-json\/wp\/v2\/pages\/53\/revisions\/54"}],"wp:attachment":[{"href":"https:\/\/coueroncuisine.fr\/index.php\/wp-json\/wp\/v2\/media?parent=53"}],"curies":[{"name":"wp","href":"https:\/\/api.w.org\/{rel}","templated":true}]}}